{"id":853,"date":"2025-07-23T11:09:12","date_gmt":"2025-07-23T10:09:12","guid":{"rendered":"https:\/\/swinge.cat\/swinge-b-espumoso-ancestral-de-naranja\/"},"modified":"2026-01-17T10:04:06","modified_gmt":"2026-01-17T09:04:06","slug":"swinge-b-espumoso-ancestral-de-naranja","status":"publish","type":"product","link":"https:\/\/swinge.cat\/es\/swinge-b-espumoso-ancestral-de-naranja\/","title":{"rendered":"Swinge-b &#8211; Escum\u00f3s Ancestral de Taronja"},"content":{"rendered":"\t\t<div data-elementor-type=\"product-post\" data-elementor-id=\"853\" class=\"elementor elementor-853 elementor-200\" data-elementor-post-type=\"product\">\n\t\t\t\t<div class=\"elementor-element elementor-element-5bd3ac2 e-flex e-con-boxed e-con e-parent\" data-id=\"5bd3ac2\" data-element_type=\"container\" data-e-type=\"container\">\n\t\t\t\t\t<div class=\"e-con-inner\">\n\t\t\t\t<div class=\"elementor-element elementor-element-641d414a elementor-widget elementor-widget-text-editor\" data-id=\"641d414a\" data-element_type=\"widget\" data-e-type=\"widget\" data-widget_type=\"text-editor.default\">\n\t\t\t\t<div class=\"elementor-widget-container\">\n\t\t\t\t\t\t\t\t\t<h3 data-start=\"1061\" data-end=\"1106\">Swinge-b \u2014 Escum\u00f3s ancestral de taronja<\/h3><p data-start=\"1107\" data-end=\"1177\"><strong data-start=\"1107\" data-end=\"1177\">Una nueva forma de brindar, con burbuja natural y esp\u00edritu c\u00edtrico<\/strong><\/p><p data-start=\"1179\" data-end=\"1489\">Swinge-b es una joya \u00fanica dentro del mundo de los espumosos. Elaborado exclusivamente con naranja exprimida de las Terres de l&#8217;Ebre, sigue el <strong data-start=\"1316\" data-end=\"1346\">m\u00e9todo ancestral (Pet-Nat)<\/strong>: una sola fermentaci\u00f3n natural que empieza en el dep\u00f3sito y termina en la misma botella, sin intervenci\u00f3n ni segundas fermentaciones forzadas. <\/p><p data-start=\"1491\" data-end=\"1744\">A diferencia del m\u00e9todo champenoise, este proceso mantiene una <strong data-start=\"1552\" data-end=\"1589\">burbuja mucho m\u00e1s fina y delicada<\/strong>, menos persistente pero profundamente elegante. El resultado es un espumoso <strong data-start=\"1661\" data-end=\"1701\">vibrante, fresco y sorprendentemente suave<\/strong>,, con aromas c\u00edtricos puros y textura sedosa. <\/p><h3 data-start=\"1746\" data-end=\"1767\">Caracter\u00edsticas:<\/h3><ul data-start=\"1768\" data-end=\"1971\"><li>750 ml. 12%vol. <\/li><li data-start=\"1768\" data-end=\"1809\"><p data-start=\"1770\" data-end=\"1809\">100% naranjas de Terres de l\u2019Ebre<\/p><\/li><li data-start=\"1810\" data-end=\"1850\"><p data-start=\"1812\" data-end=\"1850\">Burbuja natural (m\u00e9tode ancestral)<\/p><\/li><li data-start=\"1851\" data-end=\"1891\"><p data-start=\"1853\" data-end=\"1891\">Sin a\u00f1adidos ni segunda fermentaci\u00f3n<\/p><\/li><li data-start=\"1892\" data-end=\"1926\"><p data-start=\"1894\" data-end=\"1926\">Aromas c\u00edtricos y textura suave<\/p><\/li><li data-start=\"1927\" data-end=\"1971\"><p data-start=\"1929\" data-end=\"1971\">Peque\u00f1a producci\u00f3, circular y sostenible<\/p><\/li><\/ul><p data-start=\"1973\" data-end=\"2112\">Una propuesta diferente para <strong data-start=\"1999\" data-end=\"2055\">aperitivos, brunch, cocina de autor o brindis especiales<\/strong>.<br data-start=\"2056\" data-end=\"2059\"><em data-start=\"2059\" data-end=\"2112\">Swinge-b \u00e9s m\u00e1s que un espumoso. Es una experiencia.<\/em><\/p><p data-start=\"1973\" data-end=\"2112\"><img decoding=\"async\" class=\"alignnone size-medium wp-image-187\" src=\"https:\/\/swinge.cat\/wp-content\/uploads\/2025\/07\/Logos-min-300x100.png\" alt=\"Swinge - Vino de Naranja\" width=\"300\" height=\"100\" title=\"Swinge - Vino de Naranja\" srcset=\"https:\/\/swinge.cat\/wp-content\/uploads\/2025\/07\/Logos-min-300x100.png 300w, https:\/\/swinge.cat\/wp-content\/uploads\/2025\/07\/Logos-min.png 450w\" sizes=\"(max-width: 300px) 100vw, 300px\" \/><\/p>\t\t\t\t\t\t\t\t<\/div>\n\t\t\t\t<\/div>\n\t\t\t\t\t<\/div>\n\t\t\t\t<\/div>\n\t\t\t\t<\/div>\n\t\t","protected":false},"excerpt":{"rendered":"<p>Vino espumoso ancestral de 750 ml. Elaborado 100% con naranja. Burbuja natural, textura fina y fermentaci\u00f3n \u00fanica en botella. Elegancia c\u00edtrica artesanal   <\/p>\n","protected":false},"featured_media":844,"comment_status":"open","ping_status":"closed","template":"","meta":[],"product_brand":[],"product_cat":[51],"product_tag":[57,56,53,55,52,54],"class_list":{"0":"post-853","1":"product","2":"type-product","3":"status-publish","4":"has-post-thumbnail","6":"product_cat-espumoso-ancestral","7":"product_tag-ancestral","8":"product_tag-espumoso","9":"product_tag-naranja","10":"product_tag-orange","11":"product_tag-vino","12":"product_tag-wine","14":"first","15":"instock","16":"sale","17":"shipping-taxable","18":"purchasable","19":"product-type-simple"},"_links":{"self":[{"href":"https:\/\/swinge.cat\/es\/wp-json\/wp\/v2\/product\/853","targetHints":{"allow":["GET"]}}],"collection":[{"href":"https:\/\/swinge.cat\/es\/wp-json\/wp\/v2\/product"}],"about":[{"href":"https:\/\/swinge.cat\/es\/wp-json\/wp\/v2\/types\/product"}],"replies":[{"embeddable":true,"href":"https:\/\/swinge.cat\/es\/wp-json\/wp\/v2\/comments?post=853"}],"version-history":[{"count":13,"href":"https:\/\/swinge.cat\/es\/wp-json\/wp\/v2\/product\/853\/revisions"}],"predecessor-version":[{"id":923,"href":"https:\/\/swinge.cat\/es\/wp-json\/wp\/v2\/product\/853\/revisions\/923"}],"wp:featuredmedia":[{"embeddable":true,"href":"https:\/\/swinge.cat\/es\/wp-json\/wp\/v2\/media\/844"}],"wp:attachment":[{"href":"https:\/\/swinge.cat\/es\/wp-json\/wp\/v2\/media?parent=853"}],"wp:term":[{"taxonomy":"product_brand","embeddable":true,"href":"https:\/\/swinge.cat\/es\/wp-json\/wp\/v2\/product_brand?post=853"},{"taxonomy":"product_cat","embeddable":true,"href":"https:\/\/swinge.cat\/es\/wp-json\/wp\/v2\/product_cat?post=853"},{"taxonomy":"product_tag","embeddable":true,"href":"https:\/\/swinge.cat\/es\/wp-json\/wp\/v2\/product_tag?post=853"}],"curies":[{"name":"wp","href":"https:\/\/api.w.org\/{rel}","templated":true}]}}