{"id":822,"date":"2025-09-12T07:31:35","date_gmt":"2025-09-12T06:31:35","guid":{"rendered":"https:\/\/swinge.cat\/politica-de-privacidad\/"},"modified":"2026-01-02T17:18:15","modified_gmt":"2026-01-02T16:18:15","slug":"politica-de-privacidad","status":"publish","type":"page","link":"https:\/\/swinge.cat\/es\/politica-de-privacidad\/","title":{"rendered":"Pol\u00edtica de Privacidad"},"content":{"rendered":"\t\t<div data-elementor-type=\"wp-page\" data-elementor-id=\"822\" class=\"elementor elementor-822 elementor-325\" data-elementor-post-type=\"page\">\n\t\t\t\t<div class=\"elementor-element elementor-element-db317b9 e-flex e-con-boxed e-con e-parent\" data-id=\"db317b9\" data-element_type=\"container\" data-e-type=\"container\">\n\t\t\t\t\t<div class=\"e-con-inner\">\n\t\t\t\t<div class=\"elementor-element elementor-element-ed43aa4 elementor-widget elementor-widget-heading\" data-id=\"ed43aa4\" data-element_type=\"widget\" data-e-type=\"widget\" data-widget_type=\"heading.default\">\n\t\t\t\t<div class=\"elementor-widget-container\">\n\t\t\t\t\t<h1 class=\"elementor-heading-title elementor-size-default\">Pol\u00edtica de Cookies<\/h1>\t\t\t\t<\/div>\n\t\t\t\t<\/div>\n\t\t\t\t<div class=\"elementor-element elementor-element-87392be elementor-widget elementor-widget-text-editor\" data-id=\"87392be\" data-element_type=\"widget\" data-e-type=\"widget\" data-widget_type=\"text-editor.default\">\n\t\t\t\t<div class=\"elementor-widget-container\">\n\t\t\t\t\t\t\t\t\t<p><strong>POL\u00cdTICA DE COOKIES<\/strong><\/p><p data-start=\"152\" data-end=\"448\">\u201cEste sitio web utiliza cookies propias y de terceros para ofrecerle una mejor experiencia y servicio. Al navegar o utilizar nuestros servicios, el usuario acepta el uso que hacemos de las cookies. No obstante, el usuario tiene la opci\u00f3n de impedir la generaci\u00f3n de cookies y de eliminarlas.  <\/p><p data-start=\"450\" data-end=\"999\"><strong data-start=\"450\" data-end=\"472\">\u00bfQu\u00e9 es una cookie?<\/strong><br data-start=\"472\" data-end=\"475\">Una cookie es un peque\u00f1o fragmento de texto que los sitios web env\u00edan al navegador y que se almacena en el dispositivo del usuario, que puede ser un ordenador personal, un tel\u00e9fono m\u00f3vil, una tableta, etc. Estos archivos permiten que el sitio web recuerde informaci\u00f3n sobre su visita, como el idioma y las opciones preferidas, lo que puede facilitar su pr\u00f3xima visita y hacer que el sitio sea m\u00e1s \u00fatil al personalizar su contenido. Las cookies desempe\u00f1an un papel muy importante, ya que mejoran la experiencia de uso de la web.  <\/p><p data-start=\"1001\" data-end=\"1023\"><strong data-start=\"1001\" data-end=\"1021\">Tipos de cookies<\/strong><\/p><p data-start=\"1025\" data-end=\"1084\">Seg\u00fan la entidad que las gestione, las cookies pueden ser:<\/p><ul data-start=\"1085\" data-end=\"1509\"><li data-start=\"1085\" data-end=\"1282\"><p data-start=\"1087\" data-end=\"1282\"><strong data-start=\"1087\" data-end=\"1107\">Cookies propias:<\/strong> Son aquellas que se env\u00edan al equipo terminal del interesado desde un equipo o dominio gestionado por el propio editor y desde el cual se presta el servicio solicitado por el usuario.<\/p><\/li><li data-start=\"1283\" data-end=\"1509\"><p data-start=\"1285\" data-end=\"1509\"><strong data-start=\"1285\" data-end=\"1308\">Cookies de terceros:<\/strong> Son aquellas que se env\u00edan al equipo terminal del usuario desde un equipo o dominio que no es gestionado por el editor, sino por otra entidad que trata los datos obtenidos a trav\u00e9s de las cookies.<\/p><\/li><\/ul><p data-start=\"1511\" data-end=\"1560\">Seg\u00fan el per\u00edodo de tiempo que permanecen activas:<\/p><ul data-start=\"1561\" data-end=\"2089\"><li data-start=\"1561\" data-end=\"1852\"><p data-start=\"1563\" data-end=\"1852\"><strong data-start=\"1563\" data-end=\"1585\">Cookies de sesi\u00f3n:<\/strong> Son un tipo de cookies dise\u00f1adas para recoger y almacenar datos mientras el usuario accede a una p\u00e1gina web. Suelen utilizarse para almacenar informaci\u00f3n que solo interesa conservar para la prestaci\u00f3n del servicio solicitado por el usuario en una sola ocasi\u00f3n. <\/p><\/li><li data-start=\"1853\" data-end=\"2089\"><p data-start=\"1855\" data-end=\"2089\"><strong data-start=\"1855\" data-end=\"1879\">Cookies persistentes:<\/strong> Son un tipo de cookies en las que los datos permanecen almacenados en el dispositivo y pueden ser accedidos y tratados durante un per\u00edodo definido por el responsable de la cookie, que puede ir desde minutos hasta varios a\u00f1os.<\/p><\/li><\/ul><p data-start=\"2091\" data-end=\"2205\">Seg\u00fan la finalidad para la que se traten los datos obtenidos a trav\u00e9s de las cookies, la web puede utilizar:<\/p><ul data-start=\"2206\" data-end=\"3574\"><li data-start=\"2206\" data-end=\"2712\"><p data-start=\"2208\" data-end=\"2712\"><strong data-start=\"2208\" data-end=\"2230\">Cookies t\u00e9cnicas:<\/strong> Permiten al usuario la navegaci\u00f3n a trav\u00e9s de la p\u00e1gina web o aplicaci\u00f3n y el uso de las diferentes opciones o servicios que existen en ella (controlar el tr\u00e1fico y la comunicaci\u00f3n de datos, identificar la sesi\u00f3n, acceder a partes de la web de acceso restringido, recordar los elementos de un pedido, realizar la solicitud de inscripci\u00f3n o participaci\u00f3n en un evento, utilizar elementos de seguridad durante la navegaci\u00f3n, almacenar contenidos para la difusi\u00f3n de v\u00eddeos o sonido).<\/p><\/li><li data-start=\"2713\" data-end=\"2987\"><p data-start=\"2715\" data-end=\"2987\"><strong data-start=\"2715\" data-end=\"2746\">Cookies de personalizaci\u00f3n:<\/strong> Permiten al usuario acceder al servicio con algunas caracter\u00edsticas generales predefinidas en su dispositivo o que el propio usuario configure (idioma, tipo de navegador, dise\u00f1o de contenidos, geolocalizaci\u00f3n del dispositivo, configuraci\u00f3n regional).<\/p><\/li><li data-start=\"2988\" data-end=\"3254\"><p data-start=\"2990\" data-end=\"3254\"><strong data-start=\"2990\" data-end=\"3016\">Cookies publicitarias:<\/strong> Permiten la gesti\u00f3n eficaz de los espacios publicitarios incluidos en la p\u00e1gina web o aplicaci\u00f3n desde la que se presta el servicio. Adaptan el contenido de la publicidad para que sea relevante para el usuario y evitan mostrar anuncios repetidos. <\/p><\/li><li data-start=\"3255\" data-end=\"3574\"><p data-start=\"3257\" data-end=\"3574\"><strong data-start=\"3257\" data-end=\"3291\">Cookies de an\u00e1lisis estad\u00edstico:<\/strong> Permiten realizar el seguimiento y an\u00e1lisis del comportamiento de los usuarios en los sitios web. La informaci\u00f3n recopilada se utiliza para medir la actividad del sitio web, aplicaci\u00f3n o plataforma y para elaborar perfiles de navegaci\u00f3n, con el objetivo de introducir mejoras en el servicio seg\u00fan los datos de uso. <\/p><\/li><\/ul><p data-start=\"3576\" data-end=\"3725\">Las cookies utilizadas en este sitio web se pueden consultar en el <strong data-start=\"3641\" data-end=\"3667\">panel de configuraci\u00f3n<\/strong>, donde se puede ajustar la configuraci\u00f3n en cualquier momento<\/p><p class=\"nitro-offscreen\">NOTA: Se puede a\u00f1adir un hiperv\u00ednculo al panel de configuraci\u00f3n o completar la siguiente tabla con la descripci\u00f3n de las cookies que el sitio web realmente utiliza. <\/p><p class=\"nitro-offscreen\"><strong>La identificaci\u00f3n de qui\u00e9n utilitza las cookies, el tipus de cookies utilizadas y otros detalles<\/strong>, se indican a continuaci\u00f3n:<\/p><p class=\"nitro-offscreen\">Relaci\u00f3n de cookies utilitzadas:<\/p><table><thead><tr><th>Finalidad<\/th><th>Nombre de la Cookie<\/th><th>Propiedad<\/th><th>Descripci\u00f3n<\/th><th>Tiempo de conservaci\u00f3n<\/th><th>Requiere consentimiento<\/th><th>M\u00e1s informaci\u00f3n<\/th><\/tr><\/thead><tbody><tr><td>Necesaria<\/td><td>Elementor<\/td><td>Propia<\/td><td>Permite al plugin Elementor guardar y recuperar configuraciones del editor.<\/td><td>Persistente<\/td><td>No<\/td><td><a href=\"https:\/\/elementor.com\/about\/privacy\/?utm_source=chatgpt.com\" target=\"_blank\" rel=\"noopener\">Elementor<\/a><\/td><\/tr><tr><td>Estad\u00edstica<\/td><td>_ga, _gid, _gat<\/td><td>Terceros (Google)<\/td><td>Distinguen a los usuarios y recopilan informaci\u00f3n an\u00f3nima sobre c\u00f3mo navegan en la web.<\/td><td>_ga: 2 anys, _gid: 24h, _gat: 1 min<\/td><td>S\u00ed<\/td><td><a href=\"https:\/\/policies.google.com\/technologies\/cookies?utm_source=chatgpt.com\" target=\"_blank\" rel=\"noopener\">Google Analytics<\/a><\/td><\/tr><tr><td>Publicidad<\/td><td>N\/A<\/td><td>\u2013<\/td><td>No se utilitzan cookies con finalidad publicitaria.<\/td><td>\u2013<\/td><td>\u2013<\/td><td>\u2013<\/td><\/tr><tr><td>Anal\u00edtica<\/td><td>_ga, _gid, _gat<\/td><td>Terceros (Google)<\/td><td>Permiten el seguimiento del uso de la web para mejorar su funcionamiento.<\/td><td>Igual que estad\u00edstica<\/td><td>S\u00ed<\/td><td><a href=\"https:\/\/policies.google.com\/technologies\/cookies?utm_source=chatgpt.com\" target=\"_blank\" rel=\"noopener\">Google Analytics<\/a><\/td><\/tr><tr><td>Personalizaci\u00f3n<\/td><td>N\/A<\/td><td>\u2013<\/td><td>No se utilizan cookies de personalizaci\u00f3n.<\/td><td>\u2013<\/td><td>\u2013<\/td><td>\u2013<\/td><\/tr><\/tbody><\/table><p data-start=\"4785\" data-end=\"5059\">(*) Puede informarse sobre las transferencias a terceros pa\u00edses que, en su caso, realicen los terceros identificados en esta pol\u00edtica de cookies a trav\u00e9s de sus pol\u00edticas correspondientes (consulte los enlaces facilitados en el apartado \u2018M\u00e1s informaci\u00f3n\u2019 de la tabla anterior).<\/p><p data-start=\"5061\" data-end=\"5278\"><strong data-start=\"5061\" data-end=\"5102\">\u00bfC\u00f3mo administrar cookies al navegador?<\/strong><br data-start=\"5102\" data-end=\"5105\">El usuario tiene la opci\u00f3n de permitir, bloquear o eliminar las cookies instaladas en su dispositivo mediante la configuraci\u00f3n de las opciones del navegador instalado en el mismo.<\/p><ul class=\"nitro-offscreen\"><li aria-level=\"1\"><b>Firefox<\/b>:<\/li><\/ul><p class=\"nitro-offscreen\"><a href=\"http:\/\/support.mozilla.org\/es\/kb\/habilitar-y-deshabilitar-cookies-que-los-sitios-we\" target=\"_blank\" rel=\"noopener\">http:\/\/support.mozilla.org\/es\/kb\/habilitar-y-deshabilitar-cookies-que-los-sitios-we<\/a> <\/p><ul class=\"nitro-offscreen\"><li aria-level=\"1\"><b>Chrome<\/b>: <\/li><\/ul><p class=\"nitro-offscreen\"><a href=\"http:\/\/support.google.com\/chrome\/bin\/answer.py?hl=es&amp;answer=95647\" target=\"_blank\" rel=\"noopener\">http:\/\/support.google.com\/chrome\/bin\/answer.py?hl=es&amp;answer=95647<\/a> <\/p><ul class=\"nitro-offscreen\"><li aria-level=\"1\"><b>Internet Explorer<\/b>:<\/li><\/ul><p class=\"nitro-offscreen\"><a href=\"https:\/\/support.microsoft.com\/es-es\/help\/278835\/how-to-delete-cookie-files-in-internet-explorer\" target=\"_blank\" rel=\"noopener\">https:\/\/support.microsoft.com\/es-es\/help\/278835\/how-to-delete-cookie-files-in-internet-explorer<\/a> <\/p><ul class=\"nitro-offscreen\"><li aria-level=\"1\"><b>Microsoft Edge:<\/b><\/li><\/ul><p class=\"nitro-offscreen\"><a href=\"https:\/\/support.microsoft.com\/es-es\/help\/4468242\/microsoft-edge-browsing-data-and-privacy-microsoft-privacy\" target=\"_blank\" rel=\"noopener\">https:\/\/support.microsoft.com\/es-es\/help\/4468242\/microsoft-edge-browsing-data-and-privacy-microsoft-privacy<\/a> <\/p><ul class=\"nitro-offscreen\"><li aria-level=\"1\"><b>Safari<\/b>:<\/li><\/ul><p class=\"nitro-offscreen\"><a href=\"http:\/\/support.apple.com\/kb\/ph5042\" target=\"_blank\" rel=\"noopener\">http:\/\/support.apple.com\/kb\/ph5042<\/a><\/p><ul class=\"nitro-offscreen\"><li aria-level=\"1\"><b>Opera<\/b>:<\/li><\/ul><p class=\"nitro-offscreen\"><a href=\"http:\/\/help.opera.com\/Windows\/11.50\/es-ES\/cookies.html\" target=\"_blank\" rel=\"noopener\">http:\/\/help.opera.com\/Windows\/11.50\/es-ES\/cookies.html<\/a><\/p><p data-start=\"5812\" data-end=\"5949\">En caso de bloquear el uso de cookies en el navegador, es posible que algunos servicios o funcionalidades del sitio web no est\u00e9n disponibles.<\/p><p data-start=\"5951\" data-end=\"6213\">En algunos navegadores se pueden configurar reglas espec\u00edficas para administrar cookies por sitio web, lo que ofrece un control m\u00e1s preciso sobre la privacidad. Esto significa que se pueden deshabilitar las cookies de todos los sitios, excepto de aquellos en los que se conf\u00ede. Terceros (Google),  <\/p>\t\t\t\t\t\t\t\t<\/div>\n\t\t\t\t<\/div>\n\t\t\t\t\t<\/div>\n\t\t\t\t<\/div>\n\t\t\t\t<\/div>\n\t\t","protected":false},"excerpt":{"rendered":"<p>Pol\u00edtica de Cookies POL\u00cdTICA DE COOKIES \u201cEste sitio web utiliza cookies propias y de terceros para ofrecerle una mejor experiencia y servicio. Al navegar o utilizar nuestros servicios, el usuario acepta el uso que hacemos de las cookies. No obstante, el usuario tiene la opci\u00f3n de impedir la generaci\u00f3n de cookies y de eliminarlas. \u00bfQu\u00e9 [&hellip;]<\/p>\n","protected":false},"author":1,"featured_media":0,"parent":0,"menu_order":0,"comment_status":"closed","ping_status":"closed","template":"elementor_header_footer","meta":{"footnotes":""},"class_list":["post-822","page","type-page","status-publish","hentry"],"_links":{"self":[{"href":"https:\/\/swinge.cat\/es\/wp-json\/wp\/v2\/pages\/822","targetHints":{"allow":["GET"]}}],"collection":[{"href":"https:\/\/swinge.cat\/es\/wp-json\/wp\/v2\/pages"}],"about":[{"href":"https:\/\/swinge.cat\/es\/wp-json\/wp\/v2\/types\/page"}],"author":[{"embeddable":true,"href":"https:\/\/swinge.cat\/es\/wp-json\/wp\/v2\/users\/1"}],"replies":[{"embeddable":true,"href":"https:\/\/swinge.cat\/es\/wp-json\/wp\/v2\/comments?post=822"}],"version-history":[{"count":1,"href":"https:\/\/swinge.cat\/es\/wp-json\/wp\/v2\/pages\/822\/revisions"}],"predecessor-version":[{"id":823,"href":"https:\/\/swinge.cat\/es\/wp-json\/wp\/v2\/pages\/822\/revisions\/823"}],"wp:attachment":[{"href":"https:\/\/swinge.cat\/es\/wp-json\/wp\/v2\/media?parent=822"}],"curies":[{"name":"wp","href":"https:\/\/api.w.org\/{rel}","templated":true}]}}