{"id":820,"date":"2025-09-12T07:34:40","date_gmt":"2025-09-12T06:34:40","guid":{"rendered":"https:\/\/swinge.cat\/politica-de-cookies\/"},"modified":"2026-01-02T16:56:29","modified_gmt":"2026-01-02T15:56:29","slug":"politica-de-cookies","status":"publish","type":"page","link":"https:\/\/swinge.cat\/es\/politica-de-cookies\/","title":{"rendered":"Pol\u00edtica de Cookies"},"content":{"rendered":"\t\t<div data-elementor-type=\"wp-page\" data-elementor-id=\"820\" class=\"elementor elementor-820 elementor-330\" data-elementor-post-type=\"page\">\n\t\t\t\t<div class=\"elementor-element elementor-element-dd8e9d7 e-flex e-con-boxed e-con e-parent\" data-id=\"dd8e9d7\" data-element_type=\"container\" data-e-type=\"container\">\n\t\t\t\t\t<div class=\"e-con-inner\">\n\t\t\t\t<div class=\"elementor-element elementor-element-aabde4c elementor-widget elementor-widget-heading\" data-id=\"aabde4c\" data-element_type=\"widget\" data-e-type=\"widget\" data-widget_type=\"heading.default\">\n\t\t\t\t<div class=\"elementor-widget-container\">\n\t\t\t\t\t<h1 class=\"elementor-heading-title elementor-size-default\">Pol\u00edtica de Privacidad<\/h1>\t\t\t\t<\/div>\n\t\t\t\t<\/div>\n\t\t\t\t<div class=\"elementor-element elementor-element-23ffbca elementor-widget elementor-widget-text-editor\" data-id=\"23ffbca\" data-element_type=\"widget\" data-e-type=\"widget\" data-widget_type=\"text-editor.default\">\n\t\t\t\t<div class=\"elementor-widget-container\">\n\t\t\t\t\t\t\t\t\t<p data-start=\"190\" data-end=\"579\"><strong data-start=\"190\" data-end=\"223\">1. Responsable del tractament<\/strong><br data-start=\"223\" data-end=\"226\">De acuerdo con el Reglamento (UE) 2016\/679 (RGPD) y la Ley Org\u00e1nica 3\/2018 (LOPDGDD), le informamos que los datos personales que nos facilite ser\u00e1n tratados por Phylloxit Group SL, con NIF B70930524 y domicilio en Calle Sant Pere, 16, 08770 Sant Sadurn\u00ed d\u2019Anoia, Barcelona. Puede ponerse en contacto con nosotros a trav\u00e9s del correo electr\u00f3nico <a class=\"decorated-link cursor-pointer\" rel=\"noopener\" data-start=\"556\" data-end=\"576\">swinge@phylloxit.com<\/a>. <\/p><p data-start=\"581\" data-end=\"667\"><strong data-start=\"581\" data-end=\"612\">2. Finalidad del tratamiento<\/strong><br data-start=\"612\" data-end=\"615\">Sus datos personales ser\u00e1n utilizados para:<\/p><ul data-start=\"668\" data-end=\"986\"><li data-start=\"668\" data-end=\"744\"><p data-start=\"670\" data-end=\"744\">Gestionar y tramitar los pedidos realizados en nuestra tienda online.<\/p><\/li><li data-start=\"745\" data-end=\"782\"><p data-start=\"747\" data-end=\"782\">Atender consultas y solicitudes.<\/p><\/li><li data-start=\"783\" data-end=\"854\"><p data-start=\"785\" data-end=\"854\">Gestionar la relaci\u00f3n comercial y de servicio con nuestros clientes.<\/p><\/li><li data-start=\"855\" data-end=\"986\"><p data-start=\"857\" data-end=\"986\">\u201cEnviar informaci\u00f3n comercial relacionada con nuestros productos, siempre que el usuario haya prestado su consentimiento expreso.<\/p><\/li><\/ul><p data-start=\"988\" data-end=\"1089\"><strong data-start=\"988\" data-end=\"1023\">3. Base jur\u00eddica del tratamiento<\/strong><br data-start=\"1023\" data-end=\"1026\">El tratamiento de sus datos personales se fundamenta en:<\/p><ul data-start=\"1090\" data-end=\"1300\"><li data-start=\"1090\" data-end=\"1153\"><p data-start=\"1092\" data-end=\"1153\">La ejecuci\u00f3n de un contrato de compraventa (art. 6.1.b RGPD).<\/p><\/li><li data-start=\"1154\" data-end=\"1211\"><p data-start=\"1156\" data-end=\"1211\">El cumplimiento de obligaciones legales (art. 6.1.c RGPD).<\/p><\/li><li data-start=\"1212\" data-end=\"1300\"><p data-start=\"1214\" data-end=\"1300\">El consentimiento expreso del usuario para comunicaciones comerciales (art. 6.1.a RGPD).<\/p><\/li><\/ul><p data-start=\"1302\" data-end=\"1618\"><strong data-start=\"1302\" data-end=\"1333\">4. Conservaci\u00f3n de lo datos<\/strong><br data-start=\"1333\" data-end=\"1336\">\u201cLos datos se conservar\u00e1n durante el tiempo estrictamente necesario para cumplir con las finalidades para las que han sido recabados y para determinar posibles responsabilidades legales. En el caso de las comunicaciones comerciales, se conservar\u00e1n mientras el usuario no solicite la baja. <\/p><p data-start=\"1620\" data-end=\"1876\"><strong data-start=\"1620\" data-end=\"1652\">5. Destinatarios de les datos<\/strong><br data-start=\"1652\" data-end=\"1655\">Los datos no se ceder\u00e1n a terceros, salvo en aquellos casos en que exista una obligaci\u00f3n legal o sea necesario para la prestaci\u00f3n del servicio, como, por ejemplo, empresas de transporte o servicios de gesti\u00f3n de pagos.<\/p><p data-start=\"1878\" data-end=\"1934\"><strong data-start=\"1878\" data-end=\"1903\">6. Derechos de los usuarios<\/strong><br data-start=\"1903\" data-end=\"1906\">Como usuario, tiene derecho a:<\/p><ul data-start=\"1935\" data-end=\"2217\"><li data-start=\"1935\" data-end=\"1977\"><p data-start=\"1937\" data-end=\"1977\">Acceder a sus datos personales.<\/p><\/li><li data-start=\"1978\" data-end=\"2029\"><p data-start=\"1980\" data-end=\"2029\">Solicitar la rectificaci\u00f3n de datos inexactos.<\/p><\/li><li data-start=\"2030\" data-end=\"2102\"><p data-start=\"2032\" data-end=\"2102\">Solicitar la supresi\u00f3n de los datos cuando ya no sean necesarios.<\/p><\/li><li data-start=\"2103\" data-end=\"2163\"><p data-start=\"2105\" data-end=\"2163\">Solicitar la limitaci\u00f3n del tratamiento u oponerse al mismo.<\/p><\/li><li data-start=\"2164\" data-end=\"2217\"><p data-start=\"2166\" data-end=\"2217\">Solicitar la portabilidad de sus datos.<\/p><\/li><\/ul><p data-start=\"2219\" data-end=\"2575\">\u201cPara ejercer estos derechos, puede enviar una solicitud por escrito, junto con una copia de su documento identificativo, a la direcci\u00f3n postal indicada o al correo electr\u00f3nico <a class=\"decorated-link cursor-pointer\" rel=\"noopener\" data-start=\"2392\" data-end=\"2412\">swinge@phylloxit.com<\/a>.Tambi\u00e9n puede presentar una reclamaci\u00f3n ante la Agencia Espa\u00f1ola de Protecci\u00f3n de Datos (AEPD) si considera que el tratamiento no se ajusta a la normativa vigente. <\/p><p data-start=\"2577\" data-end=\"2838\"><strong data-start=\"2577\" data-end=\"2606\">7. Seguridad de los datos<\/strong><br data-start=\"2606\" data-end=\"2609\">Phylloxit Group SL se compromete a implementar las medidas t\u00e9cnicas y organizativas necesarias para garantizar la seguridad y confidencialidad de sus datos personales y evitar su alteraci\u00f3n, p\u00e9rdida o acceso no autorizado.<\/p><p data-start=\"2840\" data-end=\"3142\"><strong data-start=\"2840\" data-end=\"2882\">8. Cambios en la pol\u00edtica de privacidad<\/strong><br data-start=\"2882\" data-end=\"2885\">Phylloxit Group SLse reserva el derecho a modificar la presente pol\u00edtica para adaptarla a novedades legislativas o jurisprudenciales. En estos casos, las modificaciones se anunciar\u00e1n a trav\u00e9s de esta p\u00e1gina con una antelaci\u00f3n razonable a su aplicaci\u00f3n. <\/p>\t\t\t\t\t\t\t\t<\/div>\n\t\t\t\t<\/div>\n\t\t\t\t\t<\/div>\n\t\t\t\t<\/div>\n\t\t\t\t<\/div>\n\t\t","protected":false},"excerpt":{"rendered":"<p>Pol\u00edtica de Privacidad 1. Responsable del tractamentDe acuerdo con el Reglamento (UE) 2016\/679 (RGPD) y la Ley Org\u00e1nica 3\/2018 (LOPDGDD), le informamos que los datos personales que nos facilite ser\u00e1n tratados por Phylloxit Group SL, con NIF B70930524 y domicilio en Calle Sant Pere, 16, 08770 Sant Sadurn\u00ed d\u2019Anoia, Barcelona. Puede ponerse en contacto con [&hellip;]<\/p>\n","protected":false},"author":1,"featured_media":0,"parent":0,"menu_order":0,"comment_status":"closed","ping_status":"closed","template":"elementor_header_footer","meta":{"footnotes":""},"class_list":["post-820","page","type-page","status-publish","hentry"],"_links":{"self":[{"href":"https:\/\/swinge.cat\/es\/wp-json\/wp\/v2\/pages\/820","targetHints":{"allow":["GET"]}}],"collection":[{"href":"https:\/\/swinge.cat\/es\/wp-json\/wp\/v2\/pages"}],"about":[{"href":"https:\/\/swinge.cat\/es\/wp-json\/wp\/v2\/types\/page"}],"author":[{"embeddable":true,"href":"https:\/\/swinge.cat\/es\/wp-json\/wp\/v2\/users\/1"}],"replies":[{"embeddable":true,"href":"https:\/\/swinge.cat\/es\/wp-json\/wp\/v2\/comments?post=820"}],"version-history":[{"count":1,"href":"https:\/\/swinge.cat\/es\/wp-json\/wp\/v2\/pages\/820\/revisions"}],"predecessor-version":[{"id":821,"href":"https:\/\/swinge.cat\/es\/wp-json\/wp\/v2\/pages\/820\/revisions\/821"}],"wp:attachment":[{"href":"https:\/\/swinge.cat\/es\/wp-json\/wp\/v2\/media?parent=820"}],"curies":[{"name":"wp","href":"https:\/\/api.w.org\/{rel}","templated":true}]}}