{"id":796,"date":"2025-09-12T07:37:27","date_gmt":"2025-09-12T06:37:27","guid":{"rendered":"https:\/\/swinge.cat\/aviso-legal\/"},"modified":"2026-01-02T14:19:42","modified_gmt":"2026-01-02T13:19:42","slug":"aviso-legal","status":"publish","type":"page","link":"https:\/\/swinge.cat\/es\/aviso-legal\/","title":{"rendered":"Aviso Legal"},"content":{"rendered":"\t\t<div data-elementor-type=\"wp-page\" data-elementor-id=\"796\" class=\"elementor elementor-796 elementor-342\" data-elementor-post-type=\"page\">\n\t\t\t\t<div class=\"elementor-element elementor-element-e75c352 e-flex e-con-boxed e-con e-parent\" data-id=\"e75c352\" data-element_type=\"container\" data-e-type=\"container\">\n\t\t\t\t\t<div class=\"e-con-inner\">\n\t\t\t\t<div class=\"elementor-element elementor-element-da9743a elementor-widget elementor-widget-heading\" data-id=\"da9743a\" data-element_type=\"widget\" data-e-type=\"widget\" data-widget_type=\"heading.default\">\n\t\t\t\t<div class=\"elementor-widget-container\">\n\t\t\t\t\t<h1 class=\"elementor-heading-title elementor-size-default\">Aviso Legal<\/h1>\t\t\t\t<\/div>\n\t\t\t\t<\/div>\n\t\t\t\t<div class=\"elementor-element elementor-element-cb3df3e elementor-widget elementor-widget-text-editor\" data-id=\"cb3df3e\" data-element_type=\"widget\" data-e-type=\"widget\" data-widget_type=\"text-editor.default\">\n\t\t\t\t<div class=\"elementor-widget-container\">\n\t\t\t\t\t\t\t\t\t<p data-start=\"223\" data-end=\"477\"><strong data-start=\"223\" data-end=\"251\">1. Datos identificativos<\/strong><br data-start=\"251\" data-end=\"254\">En cumplimiento del deber de informaci\u00f3n recogido en el art\u00edculo 10 de la Ley 34\/2002, de 11 de julio, de Servicios de la Sociedad de la Informaci\u00f3n y Comercio Electr\u00f3nico (LSSI-CE), se informa que el sitio web es titularidad de:<\/p><ul data-start=\"478\" data-end=\"672\"><li data-start=\"478\" data-end=\"513\"><p data-start=\"480\" data-end=\"513\"><strong data-start=\"480\" data-end=\"492\">Empresa:<\/strong> Phylloxit Group SL<\/p><\/li><li data-start=\"514\" data-end=\"536\"><p data-start=\"516\" data-end=\"536\"><strong data-start=\"516\" data-end=\"524\">NIF:<\/strong> B70930524<\/p><\/li><li data-start=\"537\" data-end=\"612\"><p data-start=\"539\" data-end=\"612\"><strong data-start=\"539\" data-end=\"550\">Direcci\u00f3n:<\/strong> Calle Sant Pere, 16, 08770 Sant Sadurn\u00ed d\u2019Anoia, Barcelona<\/p><\/li><li data-start=\"613\" data-end=\"672\"><p data-start=\"615\" data-end=\"672\"><strong data-start=\"615\" data-end=\"649\">Correo electr\u00f3nico de contacto:<\/strong> <a class=\"decorated-link cursor-pointer\" rel=\"noopener\" data-start=\"650\" data-end=\"670\">swinge@phylloxit.com<\/a><\/p><\/li><\/ul><p data-start=\"674\" data-end=\"858\"><strong data-start=\"674\" data-end=\"701\">2. Objeto del sitio web<\/strong><br data-start=\"701\" data-end=\"704\">Este sitio web tiene como finalidad la venta online de productos de vino, as\u00ed como ofrecer informaci\u00f3n relacionada con los servicios y actividades de la empresa.<\/p><p data-start=\"860\" data-end=\"1171\"><strong data-start=\"860\" data-end=\"882\">3. Condiciones de uso<\/strong><br data-start=\"882\" data-end=\"885\">El uso del sitio web atribuye la condici\u00f3n de usuario e implica la aceptaci\u00f3n plena y sin reservas de todas las disposiciones incluidas en este aviso legal. El usuario se compromete a hacer un uso adecuado del portal y de sus contenidos, respetando la legislaci\u00f3n vigente y los derechos de terceros.<\/p><p data-start=\"1173\" data-end=\"1569\"><strong data-start=\"1173\" data-end=\"1216\">4. Propiedad intelectual e industrial<\/strong><br data-start=\"1216\" data-end=\"1219\">Todos los contenidos del sitio web (textos, im\u00e1genes, logotipos, marcas, archivos, combinaciones de colores, estructura y dise\u00f1o, etc.) est\u00e1n protegidos por las leyes de propiedad intelectual e industrial. Queda prohibida la reproducci\u00f3n, distribuci\u00f3n o comunicaci\u00f3n p\u00fablica, total o parcial, sin autorizaci\u00f3n expresa y por escrito de Phylloxit Group SL.<\/p><p data-start=\"1571\" data-end=\"1939\"><strong data-start=\"1571\" data-end=\"1607\">5. Exoneraci\u00f3n de responsabilidad<\/strong><br data-start=\"1607\" data-end=\"1610\">Phylloxit Group SL no se hace responsable de los da\u00f1os y perjuicios derivados del uso indebido del sitio web, ni de los contenidos o informaciones facilitadas por terceros a trav\u00e9s de enlaces o comentarios. La empresa tampoco garantiza la disponibilidad t\u00e9cnica, calidad o exactitud de los servicios ofrecidos por terceros a trav\u00e9s de este portal.<\/p><p data-start=\"1941\" data-end=\"2222\"><strong data-start=\"1941\" data-end=\"1964\">6. Enlaces externos<\/strong><br data-start=\"1964\" data-end=\"1967\">Este sitio web puede contener enlaces hacia otras p\u00e1ginas web gestionadas por terceros. Phylloxit Group SL no tiene ning\u00fan control sobre estos sitios y no asume ninguna responsabilidad sobre sus contenidos ni sobre las consecuencias derivadas de su uso.<\/p><p data-start=\"2224\" data-end=\"2514\"><strong data-start=\"2224\" data-end=\"2265\">7. Legislaci\u00f3n aplicable y jurisdicci\u00f3n<\/strong><br data-start=\"2265\" data-end=\"2268\">La relaci\u00f3n entre Phylloxit Group SL y el usuario se regir\u00e1 por la normativa espa\u00f1ola vigente. Cualquier controversia se someter\u00e1 a los juzgados y tribunales competentes de Barcelona, con renuncia expresa a cualquier otro fuero que pudiera corresponder.<\/p><p data-start=\"2516\" data-end=\"2688\"><strong data-start=\"2516\" data-end=\"2531\">8. Contacto<\/strong><br data-start=\"2531\" data-end=\"2534\">Para cualquier consulta relacionada con este aviso legal, puede dirigirse a Phylloxit Group SL mediante el correo electr\u00f3nico <a class=\"decorated-link cursor-pointer\" rel=\"noopener\" data-start=\"2665\" data-end=\"2685\">swinge@phylloxit.com<\/a>.<\/p>\t\t\t\t\t\t\t\t<\/div>\n\t\t\t\t<\/div>\n\t\t\t\t\t<\/div>\n\t\t\t\t<\/div>\n\t\t\t\t<\/div>\n\t\t","protected":false},"excerpt":{"rendered":"<p>Aviso Legal 1. Datos identificativosEn cumplimiento del deber de informaci\u00f3n recogido en el art\u00edculo 10 de la Ley 34\/2002, de 11 de julio, de Servicios de la Sociedad de la Informaci\u00f3n y Comercio Electr\u00f3nico (LSSI-CE), se informa que el sitio web es titularidad de: Empresa: Phylloxit Group SL NIF: B70930524 Direcci\u00f3n: Calle Sant Pere, 16, [&hellip;]<\/p>\n","protected":false},"author":1,"featured_media":0,"parent":0,"menu_order":0,"comment_status":"closed","ping_status":"closed","template":"elementor_header_footer","meta":{"footnotes":""},"class_list":["post-796","page","type-page","status-publish","hentry"],"_links":{"self":[{"href":"https:\/\/swinge.cat\/es\/wp-json\/wp\/v2\/pages\/796","targetHints":{"allow":["GET"]}}],"collection":[{"href":"https:\/\/swinge.cat\/es\/wp-json\/wp\/v2\/pages"}],"about":[{"href":"https:\/\/swinge.cat\/es\/wp-json\/wp\/v2\/types\/page"}],"author":[{"embeddable":true,"href":"https:\/\/swinge.cat\/es\/wp-json\/wp\/v2\/users\/1"}],"replies":[{"embeddable":true,"href":"https:\/\/swinge.cat\/es\/wp-json\/wp\/v2\/comments?post=796"}],"version-history":[{"count":1,"href":"https:\/\/swinge.cat\/es\/wp-json\/wp\/v2\/pages\/796\/revisions"}],"predecessor-version":[{"id":797,"href":"https:\/\/swinge.cat\/es\/wp-json\/wp\/v2\/pages\/796\/revisions\/797"}],"wp:attachment":[{"href":"https:\/\/swinge.cat\/es\/wp-json\/wp\/v2\/media?parent=796"}],"curies":[{"name":"wp","href":"https:\/\/api.w.org\/{rel}","templated":true}]}}